{"id":250,"date":"2024-06-20T15:32:34","date_gmt":"2024-06-20T13:32:34","guid":{"rendered":"https:\/\/bdidier.eleves.mediamatique.ch\/orzensOptics\/?post_type=product&#038;p=250"},"modified":"2024-06-20T15:43:19","modified_gmt":"2024-06-20T13:43:19","slug":"gucci-carre","status":"publish","type":"product","link":"https:\/\/bdidier.eleves.mediamatique.ch\/orzensOptics\/produit\/gucci-carre\/","title":{"rendered":"Gucci Carr\u00e9"},"content":{"rendered":"<p>D\u00e9couvrez notre gamme de lunette haute gamme avec ces lunette \u00e0 soleil Gucci carr\u00e9<\/p>\n","protected":false},"excerpt":{"rendered":"<p>D\u00e9couvrez notre gamme de lunette haute gamme avec ces lunette \u00e0 soleil Gucci carr\u00e9<\/p>\n","protected":false},"featured_media":254,"comment_status":"open","ping_status":"closed","template":"","meta":[],"product_cat":[37],"product_tag":[],"class_list":{"0":"post-250","1":"product","2":"type-product","3":"status-publish","4":"has-post-thumbnail","6":"product_cat-lunette-de-marque","8":"first","9":"instock","10":"shipping-taxable","11":"purchasable","12":"product-type-variable"},"yoast_head":"<!-- This site is optimized with the Yoast SEO plugin v22.9 - https:\/\/yoast.com\/wordpress\/plugins\/seo\/ -->\n<title>Gucci Carr\u00e9 - Orzens Optics<\/title>\n<meta name=\"robots\" content=\"noindex, follow, max-snippet:-1, max-image-preview:large, max-video-preview:-1\" \/>\n<meta property=\"og:locale\" content=\"fr_FR\" \/>\n<meta property=\"og:type\" content=\"article\" \/>\n<meta property=\"og:title\" content=\"Gucci Carr\u00e9 - Orzens Optics\" \/>\n<meta property=\"og:description\" content=\"D\u00e9couvrez notre gamme de lunette haute gamme avec ces lunette \u00e0 soleil Gucci carr\u00e9\" \/>\n<meta property=\"og:url\" content=\"https:\/\/bdidier.eleves.mediamatique.ch\/orzensOptics\/produit\/gucci-carre\/\" \/>\n<meta property=\"og:site_name\" content=\"Orzens Optics\" \/>\n<meta property=\"article:modified_time\" content=\"2024-06-20T13:43:19+00:00\" \/>\n<meta property=\"og:image\" content=\"https:\/\/bdidier.eleves.mediamatique.ch\/orzensOptics\/wp-content\/uploads\/2024\/06\/gucci-GG0141S-001-53_1.jpg\" \/>\n\t<meta property=\"og:image:width\" content=\"800\" \/>\n\t<meta property=\"og:image:height\" content=\"800\" \/>\n\t<meta property=\"og:image:type\" content=\"image\/jpeg\" \/>\n<meta name=\"twitter:card\" content=\"summary_large_image\" \/>\n<script type=\"application\/ld+json\" class=\"yoast-schema-graph\">{\"@context\":\"https:\/\/schema.org\",\"@graph\":[{\"@type\":\"WebPage\",\"@id\":\"https:\/\/bdidier.eleves.mediamatique.ch\/orzensOptics\/produit\/gucci-carre\/\",\"url\":\"https:\/\/bdidier.eleves.mediamatique.ch\/orzensOptics\/produit\/gucci-carre\/\",\"name\":\"Gucci Carr\u00e9 - Orzens Optics\",\"isPartOf\":{\"@id\":\"https:\/\/bdidier.eleves.mediamatique.ch\/orzensOptics\/#website\"},\"primaryImageOfPage\":{\"@id\":\"https:\/\/bdidier.eleves.mediamatique.ch\/orzensOptics\/produit\/gucci-carre\/#primaryimage\"},\"image\":{\"@id\":\"https:\/\/bdidier.eleves.mediamatique.ch\/orzensOptics\/produit\/gucci-carre\/#primaryimage\"},\"thumbnailUrl\":\"https:\/\/bdidier.eleves.mediamatique.ch\/orzensOptics\/wp-content\/uploads\/2024\/06\/gucci-GG0141S-001-53_1.jpg\",\"datePublished\":\"2024-06-20T13:32:34+00:00\",\"dateModified\":\"2024-06-20T13:43:19+00:00\",\"breadcrumb\":{\"@id\":\"https:\/\/bdidier.eleves.mediamatique.ch\/orzensOptics\/produit\/gucci-carre\/#breadcrumb\"},\"inLanguage\":\"fr-FR\",\"potentialAction\":[{\"@type\":\"ReadAction\",\"target\":[\"https:\/\/bdidier.eleves.mediamatique.ch\/orzensOptics\/produit\/gucci-carre\/\"]}]},{\"@type\":\"ImageObject\",\"inLanguage\":\"fr-FR\",\"@id\":\"https:\/\/bdidier.eleves.mediamatique.ch\/orzensOptics\/produit\/gucci-carre\/#primaryimage\",\"url\":\"https:\/\/bdidier.eleves.mediamatique.ch\/orzensOptics\/wp-content\/uploads\/2024\/06\/gucci-GG0141S-001-53_1.jpg\",\"contentUrl\":\"https:\/\/bdidier.eleves.mediamatique.ch\/orzensOptics\/wp-content\/uploads\/2024\/06\/gucci-GG0141S-001-53_1.jpg\",\"width\":800,\"height\":800},{\"@type\":\"BreadcrumbList\",\"@id\":\"https:\/\/bdidier.eleves.mediamatique.ch\/orzensOptics\/produit\/gucci-carre\/#breadcrumb\",\"itemListElement\":[{\"@type\":\"ListItem\",\"position\":1,\"name\":\"Accueil\",\"item\":\"https:\/\/bdidier.eleves.mediamatique.ch\/orzensOptics\/\"},{\"@type\":\"ListItem\",\"position\":2,\"name\":\"Boutique2\",\"item\":\"https:\/\/bdidier.eleves.mediamatique.ch\/orzensOptics\/boutique2\/\"},{\"@type\":\"ListItem\",\"position\":3,\"name\":\"Gucci Carr\u00e9\"}]},{\"@type\":\"WebSite\",\"@id\":\"https:\/\/bdidier.eleves.mediamatique.ch\/orzensOptics\/#website\",\"url\":\"https:\/\/bdidier.eleves.mediamatique.ch\/orzensOptics\/\",\"name\":\"Orzens Optics\",\"description\":\"\",\"publisher\":{\"@id\":\"https:\/\/bdidier.eleves.mediamatique.ch\/orzensOptics\/#organization\"},\"potentialAction\":[{\"@type\":\"SearchAction\",\"target\":{\"@type\":\"EntryPoint\",\"urlTemplate\":\"https:\/\/bdidier.eleves.mediamatique.ch\/orzensOptics\/?s={search_term_string}\"},\"query-input\":\"required name=search_term_string\"}],\"inLanguage\":\"fr-FR\"},{\"@type\":\"Organization\",\"@id\":\"https:\/\/bdidier.eleves.mediamatique.ch\/orzensOptics\/#organization\",\"name\":\"Orzens Optics\",\"url\":\"https:\/\/bdidier.eleves.mediamatique.ch\/orzensOptics\/\",\"logo\":{\"@type\":\"ImageObject\",\"inLanguage\":\"fr-FR\",\"@id\":\"https:\/\/bdidier.eleves.mediamatique.ch\/orzensOptics\/#\/schema\/logo\/image\/\",\"url\":\"https:\/\/bdidier.eleves.mediamatique.ch\/orzensOptics\/wp-content\/uploads\/2024\/06\/Fichier-1.png\",\"contentUrl\":\"https:\/\/bdidier.eleves.mediamatique.ch\/orzensOptics\/wp-content\/uploads\/2024\/06\/Fichier-1.png\",\"width\":885,\"height\":939,\"caption\":\"Orzens Optics\"},\"image\":{\"@id\":\"https:\/\/bdidier.eleves.mediamatique.ch\/orzensOptics\/#\/schema\/logo\/image\/\"}}]}<\/script>\n<!-- \/ Yoast SEO plugin. -->","yoast_head_json":{"title":"Gucci Carr\u00e9 - Orzens Optics","robots":{"index":"noindex","follow":"follow","max-snippet":"max-snippet:-1","max-image-preview":"max-image-preview:large","max-video-preview":"max-video-preview:-1"},"og_locale":"fr_FR","og_type":"article","og_title":"Gucci Carr\u00e9 - Orzens Optics","og_description":"D\u00e9couvrez notre gamme de lunette haute gamme avec ces lunette \u00e0 soleil Gucci carr\u00e9","og_url":"https:\/\/bdidier.eleves.mediamatique.ch\/orzensOptics\/produit\/gucci-carre\/","og_site_name":"Orzens Optics","article_modified_time":"2024-06-20T13:43:19+00:00","og_image":[{"width":800,"height":800,"url":"https:\/\/bdidier.eleves.mediamatique.ch\/orzensOptics\/wp-content\/uploads\/2024\/06\/gucci-GG0141S-001-53_1.jpg","type":"image\/jpeg"}],"twitter_card":"summary_large_image","schema":{"@context":"https:\/\/schema.org","@graph":[{"@type":"WebPage","@id":"https:\/\/bdidier.eleves.mediamatique.ch\/orzensOptics\/produit\/gucci-carre\/","url":"https:\/\/bdidier.eleves.mediamatique.ch\/orzensOptics\/produit\/gucci-carre\/","name":"Gucci Carr\u00e9 - Orzens Optics","isPartOf":{"@id":"https:\/\/bdidier.eleves.mediamatique.ch\/orzensOptics\/#website"},"primaryImageOfPage":{"@id":"https:\/\/bdidier.eleves.mediamatique.ch\/orzensOptics\/produit\/gucci-carre\/#primaryimage"},"image":{"@id":"https:\/\/bdidier.eleves.mediamatique.ch\/orzensOptics\/produit\/gucci-carre\/#primaryimage"},"thumbnailUrl":"https:\/\/bdidier.eleves.mediamatique.ch\/orzensOptics\/wp-content\/uploads\/2024\/06\/gucci-GG0141S-001-53_1.jpg","datePublished":"2024-06-20T13:32:34+00:00","dateModified":"2024-06-20T13:43:19+00:00","breadcrumb":{"@id":"https:\/\/bdidier.eleves.mediamatique.ch\/orzensOptics\/produit\/gucci-carre\/#breadcrumb"},"inLanguage":"fr-FR","potentialAction":[{"@type":"ReadAction","target":["https:\/\/bdidier.eleves.mediamatique.ch\/orzensOptics\/produit\/gucci-carre\/"]}]},{"@type":"ImageObject","inLanguage":"fr-FR","@id":"https:\/\/bdidier.eleves.mediamatique.ch\/orzensOptics\/produit\/gucci-carre\/#primaryimage","url":"https:\/\/bdidier.eleves.mediamatique.ch\/orzensOptics\/wp-content\/uploads\/2024\/06\/gucci-GG0141S-001-53_1.jpg","contentUrl":"https:\/\/bdidier.eleves.mediamatique.ch\/orzensOptics\/wp-content\/uploads\/2024\/06\/gucci-GG0141S-001-53_1.jpg","width":800,"height":800},{"@type":"BreadcrumbList","@id":"https:\/\/bdidier.eleves.mediamatique.ch\/orzensOptics\/produit\/gucci-carre\/#breadcrumb","itemListElement":[{"@type":"ListItem","position":1,"name":"Accueil","item":"https:\/\/bdidier.eleves.mediamatique.ch\/orzensOptics\/"},{"@type":"ListItem","position":2,"name":"Boutique2","item":"https:\/\/bdidier.eleves.mediamatique.ch\/orzensOptics\/boutique2\/"},{"@type":"ListItem","position":3,"name":"Gucci Carr\u00e9"}]},{"@type":"WebSite","@id":"https:\/\/bdidier.eleves.mediamatique.ch\/orzensOptics\/#website","url":"https:\/\/bdidier.eleves.mediamatique.ch\/orzensOptics\/","name":"Orzens Optics","description":"","publisher":{"@id":"https:\/\/bdidier.eleves.mediamatique.ch\/orzensOptics\/#organization"},"potentialAction":[{"@type":"SearchAction","target":{"@type":"EntryPoint","urlTemplate":"https:\/\/bdidier.eleves.mediamatique.ch\/orzensOptics\/?s={search_term_string}"},"query-input":"required name=search_term_string"}],"inLanguage":"fr-FR"},{"@type":"Organization","@id":"https:\/\/bdidier.eleves.mediamatique.ch\/orzensOptics\/#organization","name":"Orzens Optics","url":"https:\/\/bdidier.eleves.mediamatique.ch\/orzensOptics\/","logo":{"@type":"ImageObject","inLanguage":"fr-FR","@id":"https:\/\/bdidier.eleves.mediamatique.ch\/orzensOptics\/#\/schema\/logo\/image\/","url":"https:\/\/bdidier.eleves.mediamatique.ch\/orzensOptics\/wp-content\/uploads\/2024\/06\/Fichier-1.png","contentUrl":"https:\/\/bdidier.eleves.mediamatique.ch\/orzensOptics\/wp-content\/uploads\/2024\/06\/Fichier-1.png","width":885,"height":939,"caption":"Orzens Optics"},"image":{"@id":"https:\/\/bdidier.eleves.mediamatique.ch\/orzensOptics\/#\/schema\/logo\/image\/"}}]}},"_links":{"self":[{"href":"https:\/\/bdidier.eleves.mediamatique.ch\/orzensOptics\/wp-json\/wp\/v2\/product\/250","targetHints":{"allow":["GET"]}}],"collection":[{"href":"https:\/\/bdidier.eleves.mediamatique.ch\/orzensOptics\/wp-json\/wp\/v2\/product"}],"about":[{"href":"https:\/\/bdidier.eleves.mediamatique.ch\/orzensOptics\/wp-json\/wp\/v2\/types\/product"}],"replies":[{"embeddable":true,"href":"https:\/\/bdidier.eleves.mediamatique.ch\/orzensOptics\/wp-json\/wp\/v2\/comments?post=250"}],"wp:featuredmedia":[{"embeddable":true,"href":"https:\/\/bdidier.eleves.mediamatique.ch\/orzensOptics\/wp-json\/wp\/v2\/media\/254"}],"wp:attachment":[{"href":"https:\/\/bdidier.eleves.mediamatique.ch\/orzensOptics\/wp-json\/wp\/v2\/media?parent=250"}],"wp:term":[{"taxonomy":"product_cat","embeddable":true,"href":"https:\/\/bdidier.eleves.mediamatique.ch\/orzensOptics\/wp-json\/wp\/v2\/product_cat?post=250"},{"taxonomy":"product_tag","embeddable":true,"href":"https:\/\/bdidier.eleves.mediamatique.ch\/orzensOptics\/wp-json\/wp\/v2\/product_tag?post=250"}],"curies":[{"name":"wp","href":"https:\/\/api.w.org\/{rel}","templated":true}]}}