{"id":83,"date":"2024-06-20T08:11:49","date_gmt":"2024-06-20T06:11:49","guid":{"rendered":"https:\/\/bdidier.eleves.mediamatique.ch\/orzensOptics\/?post_type=product&#038;p=83"},"modified":"2024-06-20T15:44:58","modified_gmt":"2024-06-20T13:44:58","slug":"lunette-de-sport","status":"publish","type":"product","link":"https:\/\/bdidier.eleves.mediamatique.ch\/orzensOptics\/produit\/lunette-de-sport\/","title":{"rendered":"Lunette de Sport"},"content":{"rendered":"<p>Voici notre gamme unique de lunette de sport, parfait pour vos randonn\u00e9e et pleine \u00e9t\u00e9<\/p>\n","protected":false},"excerpt":{"rendered":"<p>Voici notre gamme unique de lunette de sport, parfait pour vos randonn\u00e9e et pleine \u00e9t\u00e9<\/p>\n","protected":false},"featured_media":84,"comment_status":"open","ping_status":"closed","template":"","meta":[],"product_cat":[22,27],"product_tag":[],"class_list":{"0":"post-83","1":"product","2":"type-product","3":"status-publish","4":"has-post-thumbnail","6":"product_cat-lunette-de-sport","7":"product_cat-mis-en-avant","9":"first","10":"instock","11":"shipping-taxable","12":"purchasable","13":"product-type-variable"},"yoast_head":"<!-- This site is optimized with the Yoast SEO plugin v22.9 - https:\/\/yoast.com\/wordpress\/plugins\/seo\/ -->\n<title>Lunette de Sport - Orzens Optics<\/title>\n<meta name=\"robots\" content=\"noindex, follow, max-snippet:-1, max-image-preview:large, max-video-preview:-1\" \/>\n<meta property=\"og:locale\" content=\"fr_FR\" \/>\n<meta property=\"og:type\" content=\"article\" \/>\n<meta property=\"og:title\" content=\"Lunette de Sport - Orzens Optics\" \/>\n<meta property=\"og:description\" content=\"Voici notre gamme unique de lunette de sport, parfait pour vos randonn\u00e9e et pleine \u00e9t\u00e9\" \/>\n<meta property=\"og:url\" content=\"https:\/\/bdidier.eleves.mediamatique.ch\/orzensOptics\/produit\/lunette-de-sport\/\" \/>\n<meta property=\"og:site_name\" content=\"Orzens Optics\" \/>\n<meta property=\"article:modified_time\" content=\"2024-06-20T13:44:58+00:00\" \/>\n<meta property=\"og:image\" content=\"https:\/\/bdidier.eleves.mediamatique.ch\/orzensOptics\/wp-content\/uploads\/2024\/06\/3233b0bc-8e2a-42cc-96d6-3262261bd253.jpg\" \/>\n\t<meta property=\"og:image:width\" content=\"1024\" \/>\n\t<meta property=\"og:image:height\" content=\"1024\" \/>\n\t<meta property=\"og:image:type\" content=\"image\/jpeg\" \/>\n<meta name=\"twitter:card\" content=\"summary_large_image\" \/>\n<script type=\"application\/ld+json\" class=\"yoast-schema-graph\">{\"@context\":\"https:\/\/schema.org\",\"@graph\":[{\"@type\":\"WebPage\",\"@id\":\"https:\/\/bdidier.eleves.mediamatique.ch\/orzensOptics\/produit\/lunette-de-sport\/\",\"url\":\"https:\/\/bdidier.eleves.mediamatique.ch\/orzensOptics\/produit\/lunette-de-sport\/\",\"name\":\"Lunette de Sport - Orzens Optics\",\"isPartOf\":{\"@id\":\"https:\/\/bdidier.eleves.mediamatique.ch\/orzensOptics\/#website\"},\"primaryImageOfPage\":{\"@id\":\"https:\/\/bdidier.eleves.mediamatique.ch\/orzensOptics\/produit\/lunette-de-sport\/#primaryimage\"},\"image\":{\"@id\":\"https:\/\/bdidier.eleves.mediamatique.ch\/orzensOptics\/produit\/lunette-de-sport\/#primaryimage\"},\"thumbnailUrl\":\"https:\/\/bdidier.eleves.mediamatique.ch\/orzensOptics\/wp-content\/uploads\/2024\/06\/3233b0bc-8e2a-42cc-96d6-3262261bd253.jpg\",\"datePublished\":\"2024-06-20T06:11:49+00:00\",\"dateModified\":\"2024-06-20T13:44:58+00:00\",\"breadcrumb\":{\"@id\":\"https:\/\/bdidier.eleves.mediamatique.ch\/orzensOptics\/produit\/lunette-de-sport\/#breadcrumb\"},\"inLanguage\":\"fr-FR\",\"potentialAction\":[{\"@type\":\"ReadAction\",\"target\":[\"https:\/\/bdidier.eleves.mediamatique.ch\/orzensOptics\/produit\/lunette-de-sport\/\"]}]},{\"@type\":\"ImageObject\",\"inLanguage\":\"fr-FR\",\"@id\":\"https:\/\/bdidier.eleves.mediamatique.ch\/orzensOptics\/produit\/lunette-de-sport\/#primaryimage\",\"url\":\"https:\/\/bdidier.eleves.mediamatique.ch\/orzensOptics\/wp-content\/uploads\/2024\/06\/3233b0bc-8e2a-42cc-96d6-3262261bd253.jpg\",\"contentUrl\":\"https:\/\/bdidier.eleves.mediamatique.ch\/orzensOptics\/wp-content\/uploads\/2024\/06\/3233b0bc-8e2a-42cc-96d6-3262261bd253.jpg\",\"width\":1024,\"height\":1024},{\"@type\":\"BreadcrumbList\",\"@id\":\"https:\/\/bdidier.eleves.mediamatique.ch\/orzensOptics\/produit\/lunette-de-sport\/#breadcrumb\",\"itemListElement\":[{\"@type\":\"ListItem\",\"position\":1,\"name\":\"Accueil\",\"item\":\"https:\/\/bdidier.eleves.mediamatique.ch\/orzensOptics\/\"},{\"@type\":\"ListItem\",\"position\":2,\"name\":\"Boutique2\",\"item\":\"https:\/\/bdidier.eleves.mediamatique.ch\/orzensOptics\/boutique2\/\"},{\"@type\":\"ListItem\",\"position\":3,\"name\":\"Lunette de Sport\"}]},{\"@type\":\"WebSite\",\"@id\":\"https:\/\/bdidier.eleves.mediamatique.ch\/orzensOptics\/#website\",\"url\":\"https:\/\/bdidier.eleves.mediamatique.ch\/orzensOptics\/\",\"name\":\"Orzens Optics\",\"description\":\"\",\"publisher\":{\"@id\":\"https:\/\/bdidier.eleves.mediamatique.ch\/orzensOptics\/#organization\"},\"potentialAction\":[{\"@type\":\"SearchAction\",\"target\":{\"@type\":\"EntryPoint\",\"urlTemplate\":\"https:\/\/bdidier.eleves.mediamatique.ch\/orzensOptics\/?s={search_term_string}\"},\"query-input\":\"required name=search_term_string\"}],\"inLanguage\":\"fr-FR\"},{\"@type\":\"Organization\",\"@id\":\"https:\/\/bdidier.eleves.mediamatique.ch\/orzensOptics\/#organization\",\"name\":\"Orzens Optics\",\"url\":\"https:\/\/bdidier.eleves.mediamatique.ch\/orzensOptics\/\",\"logo\":{\"@type\":\"ImageObject\",\"inLanguage\":\"fr-FR\",\"@id\":\"https:\/\/bdidier.eleves.mediamatique.ch\/orzensOptics\/#\/schema\/logo\/image\/\",\"url\":\"https:\/\/bdidier.eleves.mediamatique.ch\/orzensOptics\/wp-content\/uploads\/2024\/06\/Fichier-1.png\",\"contentUrl\":\"https:\/\/bdidier.eleves.mediamatique.ch\/orzensOptics\/wp-content\/uploads\/2024\/06\/Fichier-1.png\",\"width\":885,\"height\":939,\"caption\":\"Orzens Optics\"},\"image\":{\"@id\":\"https:\/\/bdidier.eleves.mediamatique.ch\/orzensOptics\/#\/schema\/logo\/image\/\"}}]}<\/script>\n<!-- \/ Yoast SEO plugin. -->","yoast_head_json":{"title":"Lunette de Sport - Orzens Optics","robots":{"index":"noindex","follow":"follow","max-snippet":"max-snippet:-1","max-image-preview":"max-image-preview:large","max-video-preview":"max-video-preview:-1"},"og_locale":"fr_FR","og_type":"article","og_title":"Lunette de Sport - Orzens Optics","og_description":"Voici notre gamme unique de lunette de sport, parfait pour vos randonn\u00e9e et pleine \u00e9t\u00e9","og_url":"https:\/\/bdidier.eleves.mediamatique.ch\/orzensOptics\/produit\/lunette-de-sport\/","og_site_name":"Orzens Optics","article_modified_time":"2024-06-20T13:44:58+00:00","og_image":[{"width":1024,"height":1024,"url":"https:\/\/bdidier.eleves.mediamatique.ch\/orzensOptics\/wp-content\/uploads\/2024\/06\/3233b0bc-8e2a-42cc-96d6-3262261bd253.jpg","type":"image\/jpeg"}],"twitter_card":"summary_large_image","schema":{"@context":"https:\/\/schema.org","@graph":[{"@type":"WebPage","@id":"https:\/\/bdidier.eleves.mediamatique.ch\/orzensOptics\/produit\/lunette-de-sport\/","url":"https:\/\/bdidier.eleves.mediamatique.ch\/orzensOptics\/produit\/lunette-de-sport\/","name":"Lunette de Sport - Orzens Optics","isPartOf":{"@id":"https:\/\/bdidier.eleves.mediamatique.ch\/orzensOptics\/#website"},"primaryImageOfPage":{"@id":"https:\/\/bdidier.eleves.mediamatique.ch\/orzensOptics\/produit\/lunette-de-sport\/#primaryimage"},"image":{"@id":"https:\/\/bdidier.eleves.mediamatique.ch\/orzensOptics\/produit\/lunette-de-sport\/#primaryimage"},"thumbnailUrl":"https:\/\/bdidier.eleves.mediamatique.ch\/orzensOptics\/wp-content\/uploads\/2024\/06\/3233b0bc-8e2a-42cc-96d6-3262261bd253.jpg","datePublished":"2024-06-20T06:11:49+00:00","dateModified":"2024-06-20T13:44:58+00:00","breadcrumb":{"@id":"https:\/\/bdidier.eleves.mediamatique.ch\/orzensOptics\/produit\/lunette-de-sport\/#breadcrumb"},"inLanguage":"fr-FR","potentialAction":[{"@type":"ReadAction","target":["https:\/\/bdidier.eleves.mediamatique.ch\/orzensOptics\/produit\/lunette-de-sport\/"]}]},{"@type":"ImageObject","inLanguage":"fr-FR","@id":"https:\/\/bdidier.eleves.mediamatique.ch\/orzensOptics\/produit\/lunette-de-sport\/#primaryimage","url":"https:\/\/bdidier.eleves.mediamatique.ch\/orzensOptics\/wp-content\/uploads\/2024\/06\/3233b0bc-8e2a-42cc-96d6-3262261bd253.jpg","contentUrl":"https:\/\/bdidier.eleves.mediamatique.ch\/orzensOptics\/wp-content\/uploads\/2024\/06\/3233b0bc-8e2a-42cc-96d6-3262261bd253.jpg","width":1024,"height":1024},{"@type":"BreadcrumbList","@id":"https:\/\/bdidier.eleves.mediamatique.ch\/orzensOptics\/produit\/lunette-de-sport\/#breadcrumb","itemListElement":[{"@type":"ListItem","position":1,"name":"Accueil","item":"https:\/\/bdidier.eleves.mediamatique.ch\/orzensOptics\/"},{"@type":"ListItem","position":2,"name":"Boutique2","item":"https:\/\/bdidier.eleves.mediamatique.ch\/orzensOptics\/boutique2\/"},{"@type":"ListItem","position":3,"name":"Lunette de Sport"}]},{"@type":"WebSite","@id":"https:\/\/bdidier.eleves.mediamatique.ch\/orzensOptics\/#website","url":"https:\/\/bdidier.eleves.mediamatique.ch\/orzensOptics\/","name":"Orzens Optics","description":"","publisher":{"@id":"https:\/\/bdidier.eleves.mediamatique.ch\/orzensOptics\/#organization"},"potentialAction":[{"@type":"SearchAction","target":{"@type":"EntryPoint","urlTemplate":"https:\/\/bdidier.eleves.mediamatique.ch\/orzensOptics\/?s={search_term_string}"},"query-input":"required name=search_term_string"}],"inLanguage":"fr-FR"},{"@type":"Organization","@id":"https:\/\/bdidier.eleves.mediamatique.ch\/orzensOptics\/#organization","name":"Orzens Optics","url":"https:\/\/bdidier.eleves.mediamatique.ch\/orzensOptics\/","logo":{"@type":"ImageObject","inLanguage":"fr-FR","@id":"https:\/\/bdidier.eleves.mediamatique.ch\/orzensOptics\/#\/schema\/logo\/image\/","url":"https:\/\/bdidier.eleves.mediamatique.ch\/orzensOptics\/wp-content\/uploads\/2024\/06\/Fichier-1.png","contentUrl":"https:\/\/bdidier.eleves.mediamatique.ch\/orzensOptics\/wp-content\/uploads\/2024\/06\/Fichier-1.png","width":885,"height":939,"caption":"Orzens Optics"},"image":{"@id":"https:\/\/bdidier.eleves.mediamatique.ch\/orzensOptics\/#\/schema\/logo\/image\/"}}]}},"_links":{"self":[{"href":"https:\/\/bdidier.eleves.mediamatique.ch\/orzensOptics\/wp-json\/wp\/v2\/product\/83","targetHints":{"allow":["GET"]}}],"collection":[{"href":"https:\/\/bdidier.eleves.mediamatique.ch\/orzensOptics\/wp-json\/wp\/v2\/product"}],"about":[{"href":"https:\/\/bdidier.eleves.mediamatique.ch\/orzensOptics\/wp-json\/wp\/v2\/types\/product"}],"replies":[{"embeddable":true,"href":"https:\/\/bdidier.eleves.mediamatique.ch\/orzensOptics\/wp-json\/wp\/v2\/comments?post=83"}],"wp:featuredmedia":[{"embeddable":true,"href":"https:\/\/bdidier.eleves.mediamatique.ch\/orzensOptics\/wp-json\/wp\/v2\/media\/84"}],"wp:attachment":[{"href":"https:\/\/bdidier.eleves.mediamatique.ch\/orzensOptics\/wp-json\/wp\/v2\/media?parent=83"}],"wp:term":[{"taxonomy":"product_cat","embeddable":true,"href":"https:\/\/bdidier.eleves.mediamatique.ch\/orzensOptics\/wp-json\/wp\/v2\/product_cat?post=83"},{"taxonomy":"product_tag","embeddable":true,"href":"https:\/\/bdidier.eleves.mediamatique.ch\/orzensOptics\/wp-json\/wp\/v2\/product_tag?post=83"}],"curies":[{"name":"wp","href":"https:\/\/api.w.org\/{rel}","templated":true}]}}